{"id":5676,"date":"2016-07-11T11:46:38","date_gmt":"2016-07-11T11:46:38","guid":{"rendered":"http:\/\/laesalud.com\/startupehealth\/?page_id=5676"},"modified":"2019-06-17T10:17:53","modified_gmt":"2019-06-17T08:17:53","slug":"programa","status":"publish","type":"page","link":"http:\/\/laesalud.com\/startupehealth\/programa\/","title":{"rendered":"Programa"},"content":{"rendered":"<p>[vc_row top=\u00bb180px\u00bb bottom=\u00bb120px\u00bb content_fadeout=\u00bbcontent-fadeout\u00bb overlay_pattern=\u00bbsm_cell_b\u00bb overlay_pattern_op=\u00bb0.1&#8243; bg_color=\u00bb#3e4058&#8243;][vc_column][vc_column_text]<\/p>\n<h1 style=\"text-align: center;\"><span style=\"color: #ffffff;\">PROGRAMA<\/span><\/h1>\n<h5 style=\"text-align: center;\"><span style=\"color: #ffffff;\">EHEALTH STARTUP PROGRAM<\/span><\/h5>\n<p>[\/vc_column_text][\/vc_column][\/vc_row][vc_row top=\u00bb80px\u00bb bottom=\u00bb80px\u00bb bg_color=\u00bb#fafaf9&#8243;][vc_column][vc_column_text]<\/p>\n<h2 style=\"font-size: 25px; text-align: center;\">PROGRAMA DE ACELERACI\u00d3N A STARTUPS DE ESALUD<\/h2>\n<h6 style=\"text-align: center;\"><span style=\"color: #a9b4b9;\"><strong>AIES ESALUD<\/strong><\/span><\/h6>\n<p>[\/vc_column_text][vc_empty_space height=\u00bb20px\u00bb][vc_column_text]El <strong>eHealth Startup Program<\/strong> es un <strong>programa de aceleraci\u00f3n vertical<\/strong> organizado por\u00a0la <a title=\"Asociaci\u00f3n de Investigadores en eSalud (AIES)\" href=\"http:\/\/aiesalud.com\">Asociaci\u00f3n de Investigadores en eSalud (AIES)<\/a>, dirigido a impactar en el mundo de la salud digital.[\/vc_column_text][\/vc_column][\/vc_row][vc_row top=\u00bb80px\u00bb bottom=\u00bb80px\u00bb][vc_column width=\u00bb2\/3&#8243; css=\u00bb.vc_custom_1424825654362{padding-right: 60px !important;}\u00bb][vc_tabs][vc_tab type=\u00bblinecons\u00bb icon_linecons=\u00bbvc_li vc_li-user\u00bb title=\u00bbPrograma\u00bb tab_id=\u00bb1424820133-1-38&#8243; icon_name=\u00bbli_banknote\u00bb][vc_column_text]El<a title=\"eHealth Startup Program - EIE &amp; AIES\" href=\"https:\/\/gust.com\/accelerators\/european-institute-for-entrepreneurship\/programs\/ehealth-startup-programme\" target=\"_blank\" rel=\"noopener noreferrer\"><strong> eHealth Startup Program<\/strong><\/a> es promovido por la Asociaci\u00f3n de Investigadores en la eSalud (AIES).<\/p>\n<p>Es un programa de aceleraci\u00f3n vertical, dirigido a impactar directa e indirectamente en el sector de la salud. Consta de 3 ciclos de aceleraci\u00f3n de 7 semanas + 2 semanas, con acceso a tutor\u00edas, espacio de coworking, salas de reuniones, al resto de las instalaciones del Instituto y muchas m\u00e1s ventajas que le invitamos a descubrir..<br \/>\nAl final de cada ciclo de aceleraci\u00f3n, los emprendedores tendr\u00e1n la oportunidad de ir al extranjero para conocer otros ecosistemas de emprendimiento e incluso probar su producto all\u00ed. Tenemos socios internacionales como University College of London (UCL Advances) y South Bank University en Reino Unido, Rutgers Business School y University of Florida en U.S.A.<\/p>\n<p>Al final de cada ciclo, los emprendedores tienen la oportunidad de presentar su idea y proyecto en presentaciones de 5 minutos, ante un panel de jueces e inversores del ecosistema, en un evento llamado <em>Demo Day<\/em>.[\/vc_column_text][vc_toggle title=\u00bbObjetivo\u00bb open=\u00bbtrue\u00bb]El objetivo del programa de aceleraci\u00f3n vertical, <strong>eHealth Startup Program,<\/strong>\u00a0es <strong>impulsar a emprendedores y startups<\/strong> que tengan ideas de negocio innovadoras, viables, rentables y con alto potencial de crecimiento, que impacten directamente en el dise\u00f1o, desarrollo y comercializaci\u00f3n de aplicaciones y productos para el sector de la salud.[\/vc_toggle][vc_toggle title=\u00bbL\u00edneas estrat\u00e9gicas\u00bb]Apoyamos startups que desarrollen sus proyectos en las siguientes \u00e1reas de inter\u00e9s y aplicaci\u00f3n para el sector de la salud:<\/p>\n<ul>\n<li>H\u00e1bitos de vida saludable<\/li>\n<li>Desarrollo de nuevos equipos, instrumental y materiales<\/li>\n<li>Implementaci\u00f3n de la historia cl\u00ednica electr\u00f3nica (EMH)<\/li>\n<li>Prevenci\u00f3n y diagn\u00f3stico precoz de las enfermedades<\/li>\n<li>Mejoras en los procedimientos m\u00e9dicos<\/li>\n<li>Prescripci\u00f3n y adherencia a los tratamientos<\/li>\n<li>Seguimiento y facilidades para los pacientes cr\u00f3nicos<\/li>\n<li>Mejoras en la gesti\u00f3n cl\u00ednica<\/li>\n<li>Mejoras en la administraci\u00f3n de la salud<\/li>\n<li>Otras tem\u00e1ticas relacionadas<\/li>\n<\/ul>\n<p>[\/vc_toggle][\/vc_tab][vc_tab type=\u00bbsimplelineicons\u00bb icon_simplelineicons=\u00bbicon-note\u00bb title=\u00bbEstructura\u00bb tab_id=\u00bb1424821974433-3-7&#8243; icon_name=\u00bbicon-wrench\u00bb][vc_column_text]El eHealth Startup Program tiene distribuidas sus actividades en <strong>3 ciclos anuales de aceleraci\u00f3n, que comprenden cada uno 7 semanas + 2 semanas. <\/strong>Las actividades que se realizan a lo largo de cada uno de los ciclos son las siguientes:[\/vc_column_text][vc_toggle title=\u00bbWorkshops\u00bb]Todas las semanas, se imparten talleres de 2 horas de duraci\u00f3n, de lunes a jueves. Son seminarios interactivos propuestos por tutores o especialistas, son actividades con una doble vertiente formativa y pr\u00e1ctica, que proporcionan a los emprendedores las herramientas necesarias para poner en marcha e impulsar sus proyectos. En promedio de evaluaci\u00f3n de nuestros workshops est\u00e1 en 4\/5.[\/vc_toggle][vc_toggle title=\u00bbBriefcases\u00bb]Los briefcases se realizan una vez a la semana y son estudios espec\u00edficos de casos. Esta actividad est\u00e1 dise\u00f1ada para ayudar a los emprendedores a aprenden de los casos concretos de \u00e9xito y fracaso de otros emprendedores. [\/vc_toggle][vc_toggle title=\u00bbBrainstorming\u00bb]Dos veces a la semana todos los participantes en nuestros programas se re\u00fanen para tener una sesi\u00f3n de lluvia de ideas. Esta actividad es a petici\u00f3n de cada emprendedor, para analizar y evaluar las condiciones de la puesta en marcha de su proyecto, identificar los problemas espec\u00edficos que atraviesa en cada fase de su desarrollo y buscar soluciones o alternativas. Esta es una actividad es de gran utilidad para los arranques.[\/vc_toggle][vc_toggle title=\u00bbEmprendedor visitante\u00bb]Una vez a la semana nos visita un empresario o emprendedor del ecosistema, para compartir su experiencia. Esta es una actividad muy \u00edntima, donde se fomenta la conversaci\u00f3n sobre experiencia acerca de los obst\u00e1culos que han enfrentado en la puesta en marcha de su proyecto, se comparten consejos y secretos del oficio y muy a menudo, se asesora a los nuevos emprendedores sobre qu\u00e9 no hacer. Esta actividad tambi\u00e9n es muy personalizada donde los participantes tienen la libertad de hacer todas las preguntas que puedan tener y aprovecharse del networking..[\/vc_toggle][vc_toggle title=\u00bbMasterclasses\u00bb]Todas las semanas se imparten 2 clases magistrales por especialistas de renombre de los ecosistemas.[\/vc_toggle][vc_toggle title=\u00bbSemana Internacional\u00bb]Al final de cada ciclo de aceleraci\u00f3n, los emprendedores tienen la oportunidad de ir al extranjero para conocer otros ecosistemas e incluso tener la posibilidad de probar su producto all\u00ed.<\/p>\n<p>Tenemos socios internacionales como University College of London (UCL Advances) y South Bank University en Reino Unido, Rutgers Business School y University of Florida en U.S.A.[\/vc_toggle][vc_toggle title=\u00bbDemo Day\u00bb]Al final de cada ciclo, los emprendedores tienen la oportunidad de presentar su idea y proyecto en pitchs de 5 minutos, ante un panel de jueces e inversores del ecosistema, en un evento llamado Demo Day.[\/vc_toggle][vc_toggle title=\u00bbCine Forum\u00bb]Una vez a la semana, los emprendedores tendr\u00e1n la oportunidad de visualizar la emisi\u00f3n de una pel\u00edcula sobre alg\u00fan tema de inter\u00e9s para los emprendedores y con posterioridad participar de los debates y compartir un momento de networking completamente distendidos y relajados.<br \/>\n[\/vc_toggle][\/vc_tab][vc_tab type=\u00bbsimplelineicons\u00bb icon_simplelineicons=\u00bbicon-calendar\u00bb title=\u00bbContenido\u00bb tab_id=\u00bb1424821506700-4-2&#8243; icon_name=\u00bbicon-earphones-alt\u00bb][vc_column_text]El contenido del eHealth Startup Program se distribuye de forma semanal en \u00e1reas de conocimiento necesarias para el crecimiento de los emprendedores, que se complementan con contenidos transversales, adem\u00e1s de contenidos espec\u00edficos focalizados en problemas, soluciones y tecnolog\u00edas necesarias para la evoluci\u00f3n de cada startup de su l\u00ednea estrat\u00e9gica de proyecto. [\/vc_column_text][vc_toggle title=\u00bb\u00c1reas de conocimiento\u00bb]Semana 1: <strong>Estrategia<\/strong><br \/>\nSemana 2: <strong>M\u00e9tricas<\/strong><br \/>\nSemana 3: <strong>Marketing y comunicaci\u00f3n<\/strong><br \/>\nSemana 4: <strong>Consigue lo que t\u00fa quieres<\/strong><br \/>\nSemana 5: <strong>M\u00ednimo producto viable<\/strong><br \/>\nSemana 6: <strong>Ventas<\/strong><br \/>\nSemana 7: <strong>Monetizaci\u00f3n<\/strong>[\/vc_toggle][vc_toggle title=\u00bbContenido transversal\u00bb]<\/p>\n<ul>\n<li>Construir y desarrollar un modelo de negocio<\/li>\n<li>Desarrollo de producto &amp; management<\/li>\n<li>Legislaci\u00f3n, privacidad &amp; propiedad intelectual<\/li>\n<li>M\u00e9tricas &amp; anal\u00edtica<\/li>\n<li>MVP &amp; validaci\u00f3n tecnol\u00f3gica<\/li>\n<li>Pitching &amp; fundraising<\/li>\n<li>Ventas &amp; marketing<\/li>\n<li>Comunicaci\u00f3n<\/li>\n<\/ul>\n<p>[\/vc_toggle][vc_toggle title=\u00bbContenido espec\u00edfico\u00bb]<\/p>\n<ul>\n<li>Privacidad, seguridad t\u00e9cnica y de la informaci\u00f3n<br \/>\n\u00c9tica y legalidad cient\u00edfica<\/li>\n<li>Estudios cl\u00ednicos, validaci\u00f3n, eficacia, adherencia y prescripci\u00f3n<\/li>\n<li>Nuevas terapias y dianas terap\u00e9uticas<\/li>\n<li>Nuevos materiales, equipamientos e instrumental<\/li>\n<li>Internet de las cosas (IoT), inteligencia artificial, realidad virtual<\/li>\n<li>Gamificaci\u00f3n<\/li>\n<li>Big Data, interacciones, API\u2019s<\/li>\n<li>Accesibilidad, usabilidad y customer experience<\/li>\n<li>Apps &amp; Wearables<\/li>\n<li>Autogesti\u00f3n de la salud<\/li>\n<\/ul>\n<p>[\/vc_toggle][\/vc_tab][vc_tab type=\u00bbsimplelineicons\u00bb icon_simplelineicons=\u00bbicon-heart\u00bb title=\u00bbBeneficios\u00bb tab_id=\u00bb1468235522707-4-8&#8243; icon_name=\u00bbicon-earphones-alt\u00bb][vc_column_text]Los emprendedores seleccionados para participar en el eHealth Startup Program de AIES eSalud, tienen la oportunidad de disfrutar de los siguientes beneficios: [\/vc_column_text][vc_toggle title=\u00bbMentoring\u00bb]Las sesiones de mentoring est\u00e1n destinadas a garantizar que los emprendedores no se sientan solos en el proceso de puesta en marcha de su idea o proyecto. Estas sesiones son una parte esencial del proceso de aceleraci\u00f3n de las startups en su fase inicial, ya que necesitan la orientaci\u00f3n constante del mentor para definir y elegir cu\u00e1les ser\u00e1n los objetivos a corto plazo y c\u00f3mo podr\u00e1n implementarlos acorde a las necesidades de cada momento. [\/vc_toggle][vc_toggle title=\u00bbNetworking\u00bb]Los emprendedores tienen acceso a la red de contactos de los profesionales, expertos, mentores, emprendedores e inversores.[\/vc_toggle][vc_toggle title=\u00bbCoworking\u00bb]Durante el primer ciclo del programa, todos los emprendedores pueden disponer de un espacio para la realizaci\u00f3n de su trabajo y disfrutar del acceso y disfrute de la totalidad de las instalaciones del EHealth Startup Program.[\/vc_toggle][vc_toggle title=\u00bbRed de inversores\u00bb]Se ofrece a los emprendedores apoyo e informaci\u00f3n espec\u00edfica sobre los programas de financiaci\u00f3n p\u00fablica nacional y europea disponible en cada momento. Adem\u00e1s, ofrece su ayuda para el acceso a la financiaci\u00f3n bancaria, de business angels e inversores.[\/vc_toggle][vc_toggle title=\u00bbApoyo en medios de comunicaci\u00f3n\u00bb]AIES dispone de excelentes relaciones con los medios de comunicaci\u00f3n especializados en el emprendimiento como EFE Emprende, El Referente, Estrella Digital y muchos m\u00e1s; a trav\u00e9s de los cuales se da apoyo, difusi\u00f3n y visibilidad a las diferentes acciones de nuestros emprendedores y sus startups.[\/vc_toggle][vc_toggle title=\u00bbFocus Internacional\u00bb]La visi\u00f3n del eHealth Startup Program es \u00edntegramente global, por eso promovemos y animamos a los emprendedores a realizar estancias en otros ecosistemas y centros de emprendimiento tanto en USA como en UK; como un elemento fundamental para el crecimiento de los proyectos, la obtenci\u00f3n de experiencias y aprendizajes y la validaci\u00f3n de los modelos de negocio desarrollados. [\/vc_toggle][vc_toggle title=\u00bbDesarrollo personal\u00bb]\u00c9ste programa busca formar, impulsar y apoyar a las personas, a los emprendedores que tienen ideas disruptivas e innovadoras y que buscan hacerse un hueco dentro de la econom\u00eda de mercado y el sector de la salud.<\/p>\n<p>Nuestra prioridad se centra en el crecimiento personal, el est\u00edmulo del pensamiento creativo y transversal y la consolidaci\u00f3n de los valores del trabajo en equipo, el esfuerzo y la determinaci\u00f3n para superar los retos.<\/p>\n<p>Cada vez que un emprendedor decida pivotar hacia una idea o modelo de proyecto m\u00e1s viable, rentable y escalable, nos sentiremos satisfechos de la labor del programa y del cumplimiento de sus objetivos.[\/vc_toggle][\/vc_tab][\/vc_tabs][\/vc_column][vc_column width=\u00bb1\/3&#8243;][vc_row_inner el_class=\u00bbcenter\u00bb][vc_column_inner css=\u00bb.vc_custom_1424841195464{border-top-width: 1px !important;border-right-width: 1px !important;border-bottom-width: 1px !important;border-left-width: 1px !important;padding-top: 10px !important;padding-right: 40px !important;padding-bottom: 10px !important;padding-left: 40px !important;background-color: #fafaf9 !important;border-left-color: #ededed !important;border-left-style: solid !important;border-right-color: #ededed !important;border-right-style: solid !important;border-top-color: #ededed !important;border-top-style: solid !important;border-bottom-color: #ededed !important;border-bottom-style: solid !important;}\u00bb][vc_column_text]The <a title=\"eHealth Startup Program - EIE &amp; AIES\" href=\"https:\/\/gust.com\/accelerators\/european-institute-for-entrepreneurship\/programs\/ehealth-startup-programme\" target=\"_blank\" rel=\"noopener noreferrer\"><strong>eHealth Startup Program<\/strong><\/a> is a <strong>vertical acceleration program designed for projects that are looking to make an impact in the health sector<\/strong>. The program is organized by\u00a0<a title=\"Asociaci\u00f3n de Investigadores ene Salud (AIES)\" href=\"http:\/\/aiesalud.com\">Asociaci\u00f3n de Investigadores ene Salud (AIES)<\/a>.<\/p>\n<p>Projects that are selected will then participate in <strong>Selection Saturday weekend<\/strong> on the <strong>17th of September<\/strong>. Participants for the eHealth Startup Program will be chosen during this event.[\/vc_column_text][vc_empty_space height=\u00bb30px\u00bb][vc_button title=\u00bbM\u00e1s informaci\u00f3n\u00bb button_width=\u00bb btn_fw\u00bb size=\u00bbbtn-large\u00bb color=\u00bbbtn_blue\u00bb icon_name=\u00bbfa fa-download\u00bb link=\u00bburl:http%3A%2F%2Flaesalud.com%2Fstartupehealth%2Fcontacto|title:M%C3%A1s%20informaci%C3%B3n|target:%20_blank\u00bb][vc_separator width=\u00bb80px\u00bb align=\u00bbnone\u00bb][\/vc_column_inner][\/vc_row_inner][\/vc_column][\/vc_row][vc_row full_content_width=\u00bbrow-inner-full\u00bb bg_type=\u00bbimage\u00bb parallax_bg=\u00bbparallax-bg\u00bb scale_bg=\u00bbscale-bg\u00bb bg_position=\u00bb\u00bb row_mobile_style=\u00bbipad_full_width\u00bb bg_color=\u00bb#3e4058&#8243; bg_image=\u00bb5813&#8243;][vc_column width=\u00bb1\/6&#8243;][\/vc_column][vc_column width=\u00bb2\/3&#8243;][vc_column_text css=\u00bb.vc_custom_1470146647276{padding-top: 15px !important;}\u00bb]<\/p>\n<h4 style=\"font-size: 25px; text-align: center;\"><span style=\"color: #74cef2;\"><strong>EHEALTH STARTUP PROGRAM<\/strong><\/span><\/h4>\n<p style=\"text-align: center;\"><span style=\"color: #ffffff;\">Un proyecto de la Asociaci\u00f3n de Investigadores en eSalud (AIES)<\/span><\/p>\n<p>[\/vc_column_text][vc_promo_box style=\u00bbtwc_pb_centered\u00bb b_text=\u00bbPROGRAMA\u00bb b_radius=\u00bb\u00bb second_button=\u00bbtrue\u00bb b2_text=\u00bbCONTACTO\u00bb b2_radius=\u00bb\u00bb css_animation=\u00bbbottom-to-top\u00bb heading_color=\u00bb#74cef2&#8243; text_color=\u00bb#ffffff\u00bb b_text_color=\u00bb#ffffff\u00bb b_bg_color=\u00bbrgba(116,206,242,0.3)\u00bb b_border_color=\u00bb#74cef2&#8243; bh_text_color=\u00bb#ffffff\u00bb bh_bg_color=\u00bb#3e4058&#8243; b2_text_color=\u00bb#ffffff\u00bb b2_bg_color=\u00bbrgba(255,255,255,0.1)\u00bb b2_border_color=\u00bb#ffffff\u00bb b2h_text_color=\u00bb#3e4058&#8243; b2h_bg_color=\u00bb#ffffff\u00bb link=\u00bburl:http%3A%2F%2Flaesalud.com%2Fstartupehealth%2Fprograma||\u00bb link2=\u00bburl:http%3A%2F%2Flaesalud.com%2Fstartupehealth%2Fcontacto||\u00bb][\/vc_column][vc_column width=\u00bb1\/6&#8243;][\/vc_column][\/vc_row]<\/p>\n","protected":false},"excerpt":{"rendered":"<p>[vc_row top=\u00bb180px\u00bb bottom=\u00bb120px\u00bb content_fadeout=\u00bbcontent-fadeout\u00bb overlay_pattern=\u00bbsm_cell_b\u00bb overlay_pattern_op=\u00bb0.1&#8243; bg_color=\u00bb#3e4058&#8243;][vc_column][vc_column_text] PROGRAMA EHEALTH STARTUP PROGRAM [\/vc_column_text][\/vc_column][\/vc_row][vc_row top=\u00bb80px\u00bb bottom=\u00bb80px\u00bb bg_color=\u00bb#fafaf9&#8243;][vc_column][vc_column_text] PROGRAMA DE ACELERACI\u00d3N A STARTUPS DE ESALUD AIES ESALUD [\/vc_column_text][vc_empty_space height=\u00bb20px\u00bb][vc_column_text]El eHealth Startup Program es un programa de aceleraci\u00f3n vertical organizado por\u00a0la Asociaci\u00f3n de Investigadores en eSalud (AIES), dirigido a impactar en el mundo de la salud digital.[\/vc_column_text][\/vc_column][\/vc_row][vc_row top=\u00bb80px\u00bb bottom=\u00bb80px\u00bb][vc_column width=\u00bb2\/3&#8243; css=\u00bb.vc_custom_1424825654362{padding-right: 60px !important;}\u00bb][vc_tabs][vc_tab type=\u00bblinecons\u00bb icon_linecons=\u00bbvc_li vc_li-user\u00bb title=\u00bbPrograma\u00bb tab_id=\u00bb1424820133-1-38&#8243; icon_name=\u00bbli_banknote\u00bb][vc_column_text]El eHealth Startup Program es promovido por la Asociaci\u00f3n de Investigadores&#8230;  <\/p>\n<div class=\"read-more\"><a class=\"excerpt-read-more\" href=\"http:\/\/laesalud.com\/startupehealth\/programa\/\" title=\"Continue reading Programa\">Read more<i class=\"fa fa-angle-right\"><\/i><\/a><\/div>\n","protected":false},"author":1,"featured_media":0,"parent":0,"menu_order":0,"comment_status":"closed","ping_status":"closed","template":"page-full-width.php","meta":{"spay_email":""},"jetpack_sharing_enabled":true,"jetpack_shortlink":"https:\/\/wp.me\/P7Ijls-1ty","_links":{"self":[{"href":"http:\/\/laesalud.com\/startupehealth\/wp-json\/wp\/v2\/pages\/5676"}],"collection":[{"href":"http:\/\/laesalud.com\/startupehealth\/wp-json\/wp\/v2\/pages"}],"about":[{"href":"http:\/\/laesalud.com\/startupehealth\/wp-json\/wp\/v2\/types\/page"}],"author":[{"embeddable":true,"href":"http:\/\/laesalud.com\/startupehealth\/wp-json\/wp\/v2\/users\/1"}],"replies":[{"embeddable":true,"href":"http:\/\/laesalud.com\/startupehealth\/wp-json\/wp\/v2\/comments?post=5676"}],"version-history":[{"count":28,"href":"http:\/\/laesalud.com\/startupehealth\/wp-json\/wp\/v2\/pages\/5676\/revisions"}],"predecessor-version":[{"id":6210,"href":"http:\/\/laesalud.com\/startupehealth\/wp-json\/wp\/v2\/pages\/5676\/revisions\/6210"}],"wp:attachment":[{"href":"http:\/\/laesalud.com\/startupehealth\/wp-json\/wp\/v2\/media?parent=5676"}],"curies":[{"name":"wp","href":"https:\/\/api.w.org\/{rel}","templated":true}]}}