{"id":5699,"date":"2016-07-11T16:02:03","date_gmt":"2016-07-11T16:02:03","guid":{"rendered":"http:\/\/laesalud.com\/startupehealth\/?page_id=5699"},"modified":"2019-06-17T10:12:28","modified_gmt":"2019-06-17T08:12:28","slug":"equipo-mentores","status":"publish","type":"page","link":"http:\/\/laesalud.com\/startupehealth\/equipo-mentores\/","title":{"rendered":"Mentores"},"content":{"rendered":"<p>[vc_row top=\u00bb180px\u00bb bottom=\u00bb120px\u00bb content_fadeout=\u00bbcontent-fadeout\u00bb overlay_pattern=\u00bbsm_cell_b\u00bb overlay_pattern_op=\u00bb0.1&#8243; bg_color=\u00bb#3e4058&#8243;][vc_column][vc_column_text]<\/p>\n<h1 style=\"text-align: center;\"><span style=\"color: #ffffff;\">MENTORES<\/span><\/h1>\n<h5 style=\"text-align: center;\"><span style=\"color: #ffffff;\">EHEALTH STARTUP PROGRAM<\/span><\/h5>\n<p>[\/vc_column_text][\/vc_column][\/vc_row][vc_row top=\u00bb100px\u00bb bottom=\u00bb00px\u00bb row_separator=\u00bbrow-line-separator\u00bb][vc_column][vc_column_text]<\/p>\n<h2 style=\"font-size: 25px; text-align: center;\">PROGRAMA DE ACELERACI\u00d3N A STARTUPS DE ESALUD<\/h2>\n<h6 style=\"text-align: center;\"><span style=\"color: #a9b4b9;\"><strong>AIES ESALUD<\/strong><\/span><\/h6>\n<p>[\/vc_column_text][\/vc_column][\/vc_row][vc_row full_content_width=\u00bbrow-inner-full\u00bb top=\u00bb30px\u00bb bottom=\u00bb30px\u00bb textalign=\u00bbcenter\u00bb][vc_column][vc_row_inner top=\u00bb20px\u00bb bottom=\u00bb0px\u00bb][vc_column_inner][vc_heading h_size=\u00bbh-large\u00bb title=\u00bb\u00bfQuiere ser mentor?\u00bb title_color=\u00bb#3e4b58&#8243; subtitle=\u00bbAsesoramiento a startups\u00bb subtitle_color=\u00bb#bea67b\u00bb divider=\u00bbdiv-below\u00bb divider_type=\u00bbdiv-wide\u00bb divider_color=\u00bb#3e4b58&#8243; css_animation=\u00bbbottom-to-top\u00bb][vc_column_text]<\/p>\n<p style=\"text-align: center;\">\u00bfQuiere contribuir al desarrollo de\u00a0proyectos de salud digital? Solicite m\u00e1s informaci\u00f3n al equipo de eHealth Startup Program<\/p>\n<p>[\/vc_column_text][vc_empty_space height=\u00bb10px\u00bb][\/vc_column_inner][\/vc_row_inner][vc_button title=\u00bbVer m\u00e1s\u00bb size=\u00bbbtn-medium\u00bb color=\u00bbbtn_blue\u00bb css_animation=\u00bbbottom-to-top\u00bb css_animation_delay=\u00bbdelay-300&#8243; link=\u00bburl:http%3A%2F%2Flaesalud.com%2Fstartupehealth%2Fasesoramiento%2Fmentores||\u00bb][\/vc_column][\/vc_row][vc_row bottom=\u00bb50px\u00bb textalign=\u00bbcenter\u00bb][vc_column width=\u00bb1\/6&#8243;][vc_team design=\u00bbteam-style-2&#8243; img_url=\u00bb5966&#8243; name=\u00bbJos\u00e9 Luis Pascual\u00bb position=\u00bbStrategy Management\u00bb position_color=\u00bb#30b9e6&#8243;]Ingeniero Naval. Ex-director general de la Universidad de Navarra. Consejero de Netocapital entre otras compa\u00f1\u00edas.[\/vc_team][\/vc_column][vc_column width=\u00bb1\/6&#8243;][vc_team design=\u00bbteam-style-2&#8243; img_url=\u00bb5955&#8243; name=\u00bbLuis Bl\u00e1zquez\u00bb position=\u00bbInstitucional\u00bb position_color=\u00bb#30b9e6&#8243;]Ex-consejero de Econom\u00eda y Empleo y\u00a0de Innovaci\u00f3n y Tecnolog\u00eda de la Comunidad de Madrid.[\/vc_team][\/vc_column][vc_column width=\u00bb1\/6&#8243;][vc_team design=\u00bbteam-style-2&#8243; img_url=\u00bb5947&#8243; name=\u00bbMarcos Semmler\u00bb position=\u00bbVenture Capital\u00bb position_color=\u00bb#30b9e6&#8243;]Springwater Capital Spain,\u00a0Demeter Partners,\u00a0LACE \u2013 Latin America Clean Energy Fund.[\/vc_team][\/vc_column][vc_column width=\u00bb1\/6&#8243;][vc_team design=\u00bbteam-style-2&#8243; img_url=\u00bb5946&#8243; name=\u00bbJoe Llorente\u00bb position=\u00bbSports motivation\u00bb position_color=\u00bb#30b9e6&#8243;]Ex-jugador de Baloncesto. Medallista Ol\u00edmpico en los JJ.OO. Los \u00c1ngeles 1984. Presidente Honorario ABP.[\/vc_team][\/vc_column][vc_column width=\u00bb1\/6&#8243;][vc_team design=\u00bbteam-style-2&#8243; img_url=\u00bb5952&#8243; name=\u00bbRosendo Llorente\u00bb position=\u00bbDerecho mercantil y societario\u00bb position_color=\u00bb#30b9e6&#8243;]Socio en SPYN abogados.[\/vc_team][\/vc_column][vc_column width=\u00bb1\/6&#8243;][vc_team design=\u00bbteam-style-2&#8243; img_url=\u00bb5951&#8243; name=\u00bbMario Alonso Ayala\u00bb position=\u00bbConsulting\u00bb position_color=\u00bb#30b9e6&#8243;]Presidente y Co-fundador de Auren.[\/vc_team][\/vc_column][\/vc_row][vc_row top=\u00bb10px\u00bb bottom=\u00bb50px\u00bb textalign=\u00bbcenter\u00bb][vc_column width=\u00bb1\/6&#8243;][vc_team design=\u00bbteam-style-2&#8243; img_url=\u00bb5945&#8243; name=\u00bbJorge Jim\u00e9nez Leube\u00bb position=\u00bbLegal &amp; Marketing\u00bb position_color=\u00bb#30b9e6&#8243;]Profesor de Derecho de la Universidad Alfonso X (UAX). Premio Nacional de Marketing. Asesor Acad\u00e9mico del EIE.[\/vc_team][\/vc_column][vc_column width=\u00bb1\/6&#8243;][vc_team design=\u00bbteam-style-2&#8243; img_url=\u00bb5950&#8243; name=\u00bbLuis Von Kobbe\u00bb position=\u00bbDirector creativo, fot\u00f3grafo y productor\u00bb position_color=\u00bb#30b9e6&#8243;]Ex-Director de Arte en Saatchi &amp; Saatchi. Ex-Director Creativo en BBDO y Ogilvy &amp; Mather.[\/vc_team][\/vc_column][vc_column width=\u00bb1\/6&#8243;][vc_team design=\u00bbteam-style-2&#8243; img_url=\u00bb5954&#8243; name=\u00bbAlejandro Frattini\u00bb position=\u00bbSales&amp; Marketing\u00bb position_color=\u00bb#30b9e6&#8243;]Economista y gestor de fondos y Family Office.[\/vc_team][\/vc_column][vc_column width=\u00bb1\/6&#8243;][vc_team design=\u00bbteam-style-2&#8243; img_url=\u00bb5961&#8243; name=\u00bbLuis Cresp\u00ed\u00bb position=\u00bbAbogado y piloto\u00bb position_color=\u00bb#30b9e6&#8243;]Emprendedor.\u00a0Representante Jefe del colectivo de pilotos de Air Europa. Delegado jefe de SEPLA.[\/vc_team][\/vc_column][vc_column width=\u00bb1\/6&#8243;][vc_team design=\u00bbteam-style-2&#8243; img_url=\u00bb5949&#8243; name=\u00bbJes\u00fas Aldana\u00bb position=\u00bbDigital &amp; ICT, Sales\u00bb position_color=\u00bb#30b9e6&#8243;]CEO de Smarty Center.[\/vc_team][\/vc_column][vc_column width=\u00bb1\/6&#8243;][vc_team design=\u00bbteam-style-2&#8243; img_url=\u00bb5960&#8243; name=\u00bbJos\u00e9 P\u00e9rez Garc\u00eda\u00bb position=\u00bbLegal &amp; Environment\u00bb position_color=\u00bb#30b9e6&#8243;]CEO de Recyclia, Tragam\u00f3vil y Ecopilas. Ex-Director de AMETIC.[\/vc_team][\/vc_column][\/vc_row][vc_row top=\u00bb10px\u00bb bottom=\u00bb50px\u00bb textalign=\u00bbcenter\u00bb][vc_column width=\u00bb1\/6&#8243;][vc_team design=\u00bbteam-style-2&#8243; img_url=\u00bb5965&#8243; name=\u00bbJuan Ce\u00f1a\u00bb position=\u00bbAdvisory\u00bb position_color=\u00bb#30b9e6&#8243;]BS en Econom\u00eda Universidad de Pensilvania.[\/vc_team][\/vc_column][vc_column width=\u00bb1\/6&#8243;][vc_team design=\u00bbteam-style-2&#8243; img_url=\u00bb5957&#8243; name=\u00bbGabino Rubio-Bollinger\u00bb position=\u00bbNanotech \u00bb position_color=\u00bb#30b9e6&#8243;]Departamento de F\u00edsica de Materia Condensada. Corrector del Physical Review Letters.[\/vc_team][\/vc_column][vc_column width=\u00bb1\/6&#8243;][vc_team design=\u00bbteam-style-2&#8243; img_url=\u00bb5959&#8243; name=\u00bbPaula Bl\u00e1zquez\u00bb position=\u00bbFinntech Strategy at Banco Sabadell\u00bb position_color=\u00bb#30b9e6&#8243;]Startup competition, acceleration manager at Finnovista; startup mentor; senior investment associate; M&amp;A analyst[\/vc_team][\/vc_column][vc_column width=\u00bb1\/6&#8243;][vc_team design=\u00bbteam-style-2&#8243; img_url=\u00bb5963&#8243; name=\u00bbHugo Calvo\u00bb position=\u00bbProyectos y Consultor en GRUPO BLC\u00bb position_color=\u00bb#30b9e6&#8243;]Director Universitas Fundaci\u00f3n y director de Lanzamiento en Ford Craiova (Ruman\u00eda).[\/vc_team][\/vc_column][vc_column width=\u00bb1\/6&#8243;][vc_team design=\u00bbteam-style-2&#8243; img_url=\u00bb5958&#8243; name=\u00bbPaula Art\u00e1l Ac\u00f3n\u00bb position=\u00bbManager AT Socios Q\u00bb position_color=\u00bb#30b9e6&#8243;]Venture capital and Private Equity.[\/vc_team][\/vc_column][vc_column width=\u00bb1\/6&#8243;][vc_team design=\u00bbteam-style-2&#8243; img_url=\u00bb5964&#8243; name=\u00bbJos\u00e9 Antonio Granero\u00bb position=\u00bbEstrategia e Institucional\u00bb position_color=\u00bb#30b9e6&#8243;]Decano del Colegio de Arquitectos de Madrid (COAM) y fundador de CGR de Arquitectos.[\/vc_team][\/vc_column][\/vc_row][vc_row full_content_width=\u00bbrow-inner-full\u00bb bg_type=\u00bbimage\u00bb parallax_bg=\u00bbparallax-bg\u00bb scale_bg=\u00bbscale-bg\u00bb bg_position=\u00bb\u00bb row_mobile_style=\u00bbipad_full_width\u00bb bg_color=\u00bb#3e4058&#8243; bg_image=\u00bb5813&#8243;][vc_column width=\u00bb1\/6&#8243;][\/vc_column][vc_column width=\u00bb2\/3&#8243;][vc_column_text css=\u00bb.vc_custom_1470147073819{padding-top: 15px !important;}\u00bb]<\/p>\n<h4 style=\"font-size: 25px; text-align: center;\"><span style=\"color: #74cef2;\"><strong>EHEALTH STARTUP PROGRAM<\/strong><\/span><\/h4>\n<p style=\"text-align: center;\"><span style=\"color: #ffffff;\">Un proyecto de la Asociaci\u00f3n de Investigadores en eSalud (AIES)<\/span><\/p>\n<p>[\/vc_column_text][vc_promo_box style=\u00bbtwc_pb_centered\u00bb b_text=\u00bbPROGRAMA\u00bb b_radius=\u00bb\u00bb second_button=\u00bbtrue\u00bb b2_text=\u00bbCONTACTO\u00bb b2_radius=\u00bb\u00bb css_animation=\u00bbbottom-to-top\u00bb heading_color=\u00bb#74cef2&#8243; text_color=\u00bb#ffffff\u00bb b_text_color=\u00bb#ffffff\u00bb b_bg_color=\u00bbrgba(116,206,242,0.3)\u00bb b_border_color=\u00bb#74cef2&#8243; bh_text_color=\u00bb#ffffff\u00bb bh_bg_color=\u00bb#3e4058&#8243; b2_text_color=\u00bb#ffffff\u00bb b2_bg_color=\u00bbrgba(255,255,255,0.1)\u00bb b2_border_color=\u00bb#ffffff\u00bb b2h_text_color=\u00bb#3e4058&#8243; b2h_bg_color=\u00bb#ffffff\u00bb link=\u00bburl:http%3A%2F%2Flaesalud.com%2Fstartupehealth%2Fprograma||\u00bb link2=\u00bburl:http%3A%2F%2Flaesalud.com%2Fstartupehealth%2Fcontacto||\u00bb][\/vc_column][vc_column width=\u00bb1\/6&#8243;][\/vc_column][\/vc_row]<\/p>\n","protected":false},"excerpt":{"rendered":"<p>[vc_row top=\u00bb180px\u00bb bottom=\u00bb120px\u00bb content_fadeout=\u00bbcontent-fadeout\u00bb overlay_pattern=\u00bbsm_cell_b\u00bb overlay_pattern_op=\u00bb0.1&#8243; bg_color=\u00bb#3e4058&#8243;][vc_column][vc_column_text] MENTORES EHEALTH STARTUP PROGRAM [\/vc_column_text][\/vc_column][\/vc_row][vc_row top=\u00bb100px\u00bb bottom=\u00bb00px\u00bb row_separator=\u00bbrow-line-separator\u00bb][vc_column][vc_column_text] PROGRAMA DE ACELERACI\u00d3N A STARTUPS DE ESALUD AIES ESALUD [\/vc_column_text][\/vc_column][\/vc_row][vc_row full_content_width=\u00bbrow-inner-full\u00bb top=\u00bb30px\u00bb bottom=\u00bb30px\u00bb textalign=\u00bbcenter\u00bb][vc_column][vc_row_inner top=\u00bb20px\u00bb bottom=\u00bb0px\u00bb][vc_column_inner][vc_heading h_size=\u00bbh-large\u00bb title=\u00bb\u00bfQuiere ser mentor?\u00bb title_color=\u00bb#3e4b58&#8243; subtitle=\u00bbAsesoramiento a startups\u00bb subtitle_color=\u00bb#bea67b\u00bb divider=\u00bbdiv-below\u00bb divider_type=\u00bbdiv-wide\u00bb divider_color=\u00bb#3e4b58&#8243; css_animation=\u00bbbottom-to-top\u00bb][vc_column_text] \u00bfQuiere contribuir al desarrollo de\u00a0proyectos de salud digital? Solicite m\u00e1s informaci\u00f3n al equipo de eHealth Startup Program [\/vc_column_text][vc_empty_space height=\u00bb10px\u00bb][\/vc_column_inner][\/vc_row_inner][vc_button title=\u00bbVer m\u00e1s\u00bb size=\u00bbbtn-medium\u00bb color=\u00bbbtn_blue\u00bb css_animation=\u00bbbottom-to-top\u00bb css_animation_delay=\u00bbdelay-300&#8243; link=\u00bburl:http%3A%2F%2Flaesalud.com%2Fstartupehealth%2Fasesoramiento%2Fmentores||\u00bb][\/vc_column][\/vc_row][vc_row bottom=\u00bb50px\u00bb textalign=\u00bbcenter\u00bb][vc_column width=\u00bb1\/6&#8243;][vc_team design=\u00bbteam-style-2&#8243; img_url=\u00bb5966&#8243;&#8230;  <\/p>\n<div class=\"read-more\"><a class=\"excerpt-read-more\" href=\"http:\/\/laesalud.com\/startupehealth\/equipo-mentores\/\" title=\"Continue reading Mentores\">Read more<i class=\"fa fa-angle-right\"><\/i><\/a><\/div>\n","protected":false},"author":1,"featured_media":0,"parent":0,"menu_order":0,"comment_status":"closed","ping_status":"closed","template":"page-full-width.php","meta":{"spay_email":""},"jetpack_sharing_enabled":true,"jetpack_shortlink":"https:\/\/wp.me\/P7Ijls-1tV","_links":{"self":[{"href":"http:\/\/laesalud.com\/startupehealth\/wp-json\/wp\/v2\/pages\/5699"}],"collection":[{"href":"http:\/\/laesalud.com\/startupehealth\/wp-json\/wp\/v2\/pages"}],"about":[{"href":"http:\/\/laesalud.com\/startupehealth\/wp-json\/wp\/v2\/types\/page"}],"author":[{"embeddable":true,"href":"http:\/\/laesalud.com\/startupehealth\/wp-json\/wp\/v2\/users\/1"}],"replies":[{"embeddable":true,"href":"http:\/\/laesalud.com\/startupehealth\/wp-json\/wp\/v2\/comments?post=5699"}],"version-history":[{"count":41,"href":"http:\/\/laesalud.com\/startupehealth\/wp-json\/wp\/v2\/pages\/5699\/revisions"}],"predecessor-version":[{"id":6203,"href":"http:\/\/laesalud.com\/startupehealth\/wp-json\/wp\/v2\/pages\/5699\/revisions\/6203"}],"wp:attachment":[{"href":"http:\/\/laesalud.com\/startupehealth\/wp-json\/wp\/v2\/media?parent=5699"}],"curies":[{"name":"wp","href":"https:\/\/api.w.org\/{rel}","templated":true}]}}