{"id":5796,"date":"2016-07-13T14:44:23","date_gmt":"2016-07-13T14:44:23","guid":{"rendered":"http:\/\/laesalud.com\/startupehealth\/?page_id=5796"},"modified":"2019-06-17T10:10:42","modified_gmt":"2019-06-17T08:10:42","slug":"desarrollo-negocio","status":"publish","type":"page","link":"http:\/\/laesalud.com\/startupehealth\/desarrollo-negocio\/","title":{"rendered":"Desarrollo de negocio"},"content":{"rendered":"<p>[vc_row top=\u00bb180px\u00bb bottom=\u00bb120px\u00bb content_fadeout=\u00bbcontent-fadeout\u00bb overlay_pattern=\u00bbsm_cell_b\u00bb overlay_pattern_op=\u00bb0.1&#8243; bg_color=\u00bb#3e4058&#8243;][vc_column][vc_column_text]<\/p>\n<h1 style=\"text-align: center;\"><span style=\"color: #ffffff;\">DESARROLLO DE NEGOCIO<\/span><\/h1>\n<h5 style=\"text-align: center;\"><span style=\"color: #ffffff;\">EHEALTH STARTUP PROGRAM<\/span><\/h5>\n<p>[\/vc_column_text][\/vc_column][\/vc_row][vc_row top=\u00bb80px\u00bb bottom=\u00bb80px\u00bb bg_color=\u00bb#fafaf9&#8243;][vc_column][vc_column_text]<\/p>\n<h2 style=\"font-size: 25px; text-align: center;\">PROGRAMA DE ACELERACI\u00d3N A STARTUPS DE ESALUD<\/h2>\n<h6 style=\"text-align: center;\"><span style=\"color: #a9b4b9;\"><strong>AIES ESALUD<\/strong><\/span><\/h6>\n<p>[\/vc_column_text][vc_empty_space height=\u00bb20px\u00bb][\/vc_column][\/vc_row][vc_row top=\u00bb0px\u00bb bottom=\u00bb30px\u00bb row_seperator=\u00bbno-seperator\u00bb][vc_column][vc_column_text]<\/p>\n<h3 style=\"font-size: 25px;\">DESARROLLO DE NEGOCIO EN EHEALTH<\/h3>\n<p>[\/vc_column_text][vc_column_text]El eHealth Startup Program cuenta con un <strong>departamento de desarrollo de negocio<\/strong> que se encargar\u00e1 de la <strong>b\u00fasqueda activa de nuevas oportunidades y estrategias<\/strong> para las empresas que participen en \u00e9l.\u00a0Este departamento trabajar\u00e1 tras la fase de lanzamiento de la <em>startup<\/em> para dirimir hacia donde debe dirigirse la actividad, los recursos y los esfuerzos de la empresa en funci\u00f3n del entorno y el equipo con el que cuenta.[\/vc_column_text][\/vc_column][\/vc_row][vc_row top=\u00bb70px\u00bb bottom=\u00bb70px\u00bb bg_video_opacity=\u00bb1&#8243; row_seperator=\u00bbno-seperator\u00bb bg_color=\u00bb#fafaf9&#8243;][vc_column width=\u00bb1\/4&#8243;][vc_service type=\u00bbsimplelineicons\u00bb icon_simplelineicons=\u00bbicon-vector\u00bb title=\u00bbOportunidad\u00bb icon_position=\u00bbsb_center\u00bb target=\u00bb_self\u00bb position=\u00bbsb_center\u00bb icon_name=\u00bbicon-vector\u00bb icon_color=\u00bb#3e4058&#8243;]Define nuevas oportunidades a partir del contexto en el que se desarrolla la empresa.[\/vc_service][\/vc_column][vc_column width=\u00bb1\/4&#8243;][vc_service type=\u00bblinecons\u00bb icon_linecons=\u00bbvc_li vc_li-diamond\u00bb title=\u00bbNecesidad\u00bb icon_position=\u00bbsb_center\u00bb target=\u00bb_self\u00bb position=\u00bbsb_center\u00bb icon_name=\u00bbli_diamond\u00bb icon_color=\u00bb#3e4058&#8243;]Si no existe una oportunidad de negocio, tal vez haya que crearla, \u00bfno?[\/vc_service][\/vc_column][vc_column width=\u00bb1\/4&#8243;][vc_service type=\u00bblinecons\u00bb icon_linecons=\u00bbvc_li vc_li-settings\u00bb title=\u00bbSinergias\u00bb icon_position=\u00bbsb_center\u00bb target=\u00bb_self\u00bb position=\u00bbsb_center\u00bb icon_name=\u00bbli_settings\u00bb icon_color=\u00bb#3e4058&#8243;]Acuerdos estrat\u00e9gicos, fusiones y adquisiciones y cualquier otro tipo de alianza.[\/vc_service][\/vc_column][vc_column width=\u00bb1\/4&#8243;][vc_service type=\u00bblinecons\u00bb icon_linecons=\u00bbvc_li vc_li-display\u00bb title=\u00bbEstrategia\u00bb icon_position=\u00bbsb_center\u00bb target=\u00bb_self\u00bb position=\u00bbsb_center\u00bb icon_name=\u00bbli_display\u00bb icon_color=\u00bb#3e4058&#8243;]Visi\u00f3n y misi\u00f3n de futuro. Conocimiento del contexto, el mercado y la competencia.[\/vc_service][\/vc_column][\/vc_row][vc_row full_content_width=\u00bbrow-inner-full\u00bb top=\u00bb0px\u00bb bottom=\u00bb0px\u00bb row_separator=\u00bbrow-line-separator\u00bb bg_color=\u00bb#3e4058&#8243;][vc_column width=\u00bb1\/2&#8243; offset=\u00bbvc_col-lg-8 vc_hidden-sm vc_hidden-xs\u00bb][\/vc_column][vc_column slope_left=\u00bbslope-left\u00bb slope_left_dir=\u00bbslope-left-bottom\u00bb width=\u00bb1\/2&#8243; css_animation=\u00bbright-to-left\u00bb slope_left_color=\u00bb#ffffff\u00bb css=\u00bb.vc_custom_1430670180323{padding-top: 60px !important;padding-right: 80px !important;padding-bottom: 60px !important;padding-left: 60px !important;background-color: #ffffff !important;}\u00bb offset=\u00bbvc_col-lg-offset-0 vc_col-lg-4 vc_col-md-offset-0 vc_col-sm-offset-6&#8243;][vc_heading h_size=\u00bbh-large\u00bb title=\u00bbMentores\u00bb title_color=\u00bb#4e6278&#8243; subtitle=\u00bbEquipo\u00bb subtitle_color=\u00bb#8091a3&#8243; divider=\u00bbdiv-below\u00bb divider_type=\u00bbdiv-wide\u00bb divider_color=\u00bb#fc625a\u00bb alignment=\u00bbalign-left\u00bb css_animation=\u00bbright-to-left\u00bb][vc_empty_space height=\u00bb10px\u00bb][vc_column_text css_animation=\u00bbright-to-left\u00bb]Un equipo multidisciplinar experto en el\u00a0asesoramiento empresarial y el desarrollo de estrategias de negocio para emprendedores.[\/vc_column_text][vc_empty_space height=\u00bb30px\u00bb][vc_button title=\u00bbVer m\u00e1s\u00bb size=\u00bbbtn-medium\u00bb type=\u00bbentypo\u00bb icon_entypo=\u00bbentypo-icon entypo-icon-right-open-mini\u00bb icon_pos=\u00bbicon-right\u00bb color=\u00bbbtn_blue\u00bb css_animation=\u00bbbottom-to-top\u00bb css_animation_delay=\u00bbdelay-400&#8243; link=\u00bburl:http%3A%2F%2Flaesalud.com%2Fstartupehealth%2Fequipo-mentores||\u00bb][\/vc_column][\/vc_row][vc_row top=\u00bb40px\u00bb bottom=\u00bb40px\u00bb][vc_column][vc_separator color=\u00bb#363b3e\u00bb width=\u00bb10px\u00bb thickness=\u00bb10px\u00bb align=\u00bbnone\u00bb css_animation=\u00bbbottom-to-top\u00bb][vc_empty_space height=\u00bb10px\u00bb][vc_separator color=\u00bb#363b3e\u00bb width=\u00bb10px\u00bb thickness=\u00bb10px\u00bb align=\u00bbnone\u00bb css_animation=\u00bbbottom-to-top\u00bb css_animation_delay=\u00bbdelay-300&#8243;][vc_empty_space height=\u00bb10px\u00bb][vc_separator color=\u00bb#363b3e\u00bb width=\u00bb10px\u00bb thickness=\u00bb10px\u00bb align=\u00bbnone\u00bb css_animation=\u00bbbottom-to-top\u00bb css_animation_delay=\u00bbdelay-600&#8243;][\/vc_column][\/vc_row][vc_row top=\u00bb70px\u00bb bottom=\u00bb75px\u00bb row_seperator=\u00bbrow-line-seperator\u00bb][vc_column width=\u00bb1\/2&#8243;][vc_service type=\u00bblinecons\u00bb icon_linecons=\u00bbvc_li vc_li-params\u00bb title=\u00bbPlanes de negocio y viabilidad\u00bb icon_position=\u00bbsb_right\u00bb css_animation=\u00bbleft-to-right\u00bb icon_name=\u00bbli_params\u00bb target=\u00bb_self\u00bb icon_color=\u00bb#3e4058&#8243; position=\u00bbsb_right\u00bb][\/vc_service][vc_empty_space height=\u00bb25px\u00bb][vc_service type=\u00bbsimplelineicons\u00bb icon_simplelineicons=\u00bbicon-pencil\u00bb title=\u00bbDesarrollo de producto\u00bb icon_position=\u00bbsb_right\u00bb css_animation=\u00bbleft-to-right\u00bb css_animation_delay=\u00bbdelay-100&#8243; icon_name=\u00bbicon-pencil\u00bb target=\u00bb_self\u00bb position=\u00bbsb_right\u00bb href=\u00bb#\u00bb icon_color=\u00bb#3e4058&#8243;][\/vc_service][vc_empty_space height=\u00bb25px\u00bb][vc_service type=\u00bblinecons\u00bb icon_linecons=\u00bbvc_li vc_li-display\u00bb title=\u00bbEstudios sectoriales\u00bb icon_position=\u00bbsb_right\u00bb css_animation=\u00bbleft-to-right\u00bb css_animation_delay=\u00bbdelay-200&#8243; icon_name=\u00bbli_display\u00bb target=\u00bb_self\u00bb icon_color=\u00bb#3e4058&#8243; position=\u00bbsb_right\u00bb][\/vc_service][vc_empty_space height=\u00bb25px\u00bb][vc_service type=\u00bblinecons\u00bb icon_linecons=\u00bbvc_li vc_li-news\u00bb title=\u00bbEstudios de mercado y posicionamiento\u00bb icon_position=\u00bbsb_right\u00bb css_animation=\u00bbleft-to-right\u00bb css_animation_delay=\u00bbdelay-300&#8243; icon_name=\u00bbli_news\u00bb target=\u00bb_self\u00bb icon_color=\u00bb#3e4058&#8243; position=\u00bbsb_right\u00bb][\/vc_service][vc_empty_space height=\u00bb25px\u00bb][vc_service type=\u00bblinecons\u00bb icon_linecons=\u00bbvc_li vc_li-data\u00bb title=\u00bbDesarrollo de negocio\u00bb icon_position=\u00bbsb_right\u00bb css_animation=\u00bbleft-to-right\u00bb css_animation_delay=\u00bbdelay-300&#8243; icon_name=\u00bbli_news\u00bb target=\u00bb_self\u00bb icon_color=\u00bb#3e4058&#8243; position=\u00bbsb_right\u00bb][\/vc_service][vc_empty_space height=\u00bb25px\u00bb][\/vc_column][vc_column width=\u00bb1\/2&#8243;][vc_service type=\u00bbsimplelineicons\u00bb icon_simplelineicons=\u00bbicon-crop\u00bb title=\u00bbDiversificaci\u00f3n y reorientaci\u00f3n estrat\u00e9gica\u00bb css_animation=\u00bbright-to-left\u00bb icon_name=\u00bbicon-crop\u00bb target=\u00bb_self\u00bb icon_color=\u00bb#3e4058&#8243;][\/vc_service][vc_empty_space height=\u00bb25px\u00bb][vc_service type=\u00bbentypo\u00bb icon_entypo=\u00bbentypo-icon entypo-icon-window\u00bb title=\u00bbEstudio de la competencia\u00bb css_animation=\u00bbright-to-left\u00bb css_animation_delay=\u00bbdelay-100&#8243; icon_name=\u00bbicon-credit-card\u00bb target=\u00bb_self\u00bb icon_color=\u00bb#3e4058&#8243;][\/vc_service][vc_empty_space height=\u00bb25px\u00bb][vc_service type=\u00bbsimplelineicons\u00bb icon_simplelineicons=\u00bbicon-reload\u00bb title=\u00bbApertura de nuevos mercados\u00bb css_animation=\u00bbright-to-left\u00bb css_animation_delay=\u00bbdelay-200&#8243; icon_name=\u00bbicon-reload\u00bb target=\u00bb_self\u00bb icon_color=\u00bb#3e4058&#8243;][\/vc_service][vc_empty_space height=\u00bb25px\u00bb][vc_service type=\u00bbsimplelineicons\u00bb icon_simplelineicons=\u00bbicon-speech\u00bb title=\u00bbDefinici\u00f3n de las ventajas competitivas\u00bb css_animation=\u00bbright-to-left\u00bb css_animation_delay=\u00bbdelay-300&#8243; icon_name=\u00bbicon-speech\u00bb target=\u00bb_self\u00bb icon_color=\u00bb#3e4058&#8243;][\/vc_service][vc_empty_space height=\u00bb25px\u00bb][vc_service type=\u00bbsimplelineicons\u00bb icon_simplelineicons=\u00bbicon-layers\u00bb title=\u00bbDise\u00f1o e implantaci\u00f3n de planes estrat\u00e9gicos\u00bb css_animation=\u00bbright-to-left\u00bb css_animation_delay=\u00bbdelay-300&#8243; icon_name=\u00bbicon-speech\u00bb target=\u00bb_self\u00bb icon_color=\u00bb#3e4058&#8243;][\/vc_service][\/vc_column][\/vc_row][vc_row full_content_width=\u00bbrow-inner-full\u00bb bg_type=\u00bbimage\u00bb parallax_bg=\u00bbparallax-bg\u00bb scale_bg=\u00bbscale-bg\u00bb bg_position=\u00bb\u00bb row_mobile_style=\u00bbipad_full_width\u00bb bg_color=\u00bb#3e4058&#8243; bg_image=\u00bb5813&#8243;][vc_column width=\u00bb1\/6&#8243;][\/vc_column][vc_column width=\u00bb2\/3&#8243;][vc_column_text css=\u00bb.vc_custom_1470147342572{padding-top: 15px !important;}\u00bb]<\/p>\n<h4 style=\"font-size: 25px; text-align: center;\"><span style=\"color: #74cef2;\"><strong>EHEALTH STARTUP PROGRAM<\/strong><\/span><\/h4>\n<p style=\"text-align: center;\"><span style=\"color: #ffffff;\">Un proyecto de la Asociaci\u00f3n de Investigadores en eSalud (AIES)<\/span><\/p>\n<p>[\/vc_column_text][vc_promo_box style=\u00bbtwc_pb_centered\u00bb b_text=\u00bbPROGRAMA\u00bb b_radius=\u00bb\u00bb second_button=\u00bbtrue\u00bb b2_text=\u00bbCONTACTO\u00bb b2_radius=\u00bb\u00bb css_animation=\u00bbbottom-to-top\u00bb heading_color=\u00bb#74cef2&#8243; text_color=\u00bb#ffffff\u00bb b_text_color=\u00bb#ffffff\u00bb b_bg_color=\u00bbrgba(116,206,242,0.3)\u00bb b_border_color=\u00bb#74cef2&#8243; bh_text_color=\u00bb#ffffff\u00bb bh_bg_color=\u00bb#3e4058&#8243; b2_text_color=\u00bb#ffffff\u00bb b2_bg_color=\u00bbrgba(255,255,255,0.1)\u00bb b2_border_color=\u00bb#ffffff\u00bb b2h_text_color=\u00bb#3e4058&#8243; b2h_bg_color=\u00bb#ffffff\u00bb link=\u00bburl:http%3A%2F%2Flaesalud.com%2Fstartupehealth%2Fprograma||\u00bb link2=\u00bburl:http%3A%2F%2Flaesalud.com%2Fstartupehealth%2Fcontacto||\u00bb][\/vc_column][vc_column width=\u00bb1\/6&#8243;][\/vc_column][\/vc_row]<\/p>\n","protected":false},"excerpt":{"rendered":"<p>[vc_row top=\u00bb180px\u00bb bottom=\u00bb120px\u00bb content_fadeout=\u00bbcontent-fadeout\u00bb overlay_pattern=\u00bbsm_cell_b\u00bb overlay_pattern_op=\u00bb0.1&#8243; bg_color=\u00bb#3e4058&#8243;][vc_column][vc_column_text] DESARROLLO DE NEGOCIO EHEALTH STARTUP PROGRAM [\/vc_column_text][\/vc_column][\/vc_row][vc_row top=\u00bb80px\u00bb bottom=\u00bb80px\u00bb bg_color=\u00bb#fafaf9&#8243;][vc_column][vc_column_text] PROGRAMA DE ACELERACI\u00d3N A STARTUPS DE ESALUD AIES ESALUD [\/vc_column_text][vc_empty_space height=\u00bb20px\u00bb][\/vc_column][\/vc_row][vc_row top=\u00bb0px\u00bb bottom=\u00bb30px\u00bb row_seperator=\u00bbno-seperator\u00bb][vc_column][vc_column_text] DESARROLLO DE NEGOCIO EN EHEALTH [\/vc_column_text][vc_column_text]El eHealth Startup Program cuenta con un departamento de desarrollo de negocio que se encargar\u00e1 de la b\u00fasqueda activa de nuevas oportunidades y estrategias para las empresas que participen en \u00e9l.\u00a0Este departamento trabajar\u00e1 tras la fase de lanzamiento de&#8230;  <\/p>\n<div class=\"read-more\"><a class=\"excerpt-read-more\" href=\"http:\/\/laesalud.com\/startupehealth\/desarrollo-negocio\/\" title=\"Continue reading Desarrollo de negocio\">Read more<i class=\"fa fa-angle-right\"><\/i><\/a><\/div>\n","protected":false},"author":1,"featured_media":0,"parent":0,"menu_order":0,"comment_status":"closed","ping_status":"closed","template":"page-full-width.php","meta":{"spay_email":""},"jetpack_sharing_enabled":true,"jetpack_shortlink":"https:\/\/wp.me\/P7Ijls-1vu","_links":{"self":[{"href":"http:\/\/laesalud.com\/startupehealth\/wp-json\/wp\/v2\/pages\/5796"}],"collection":[{"href":"http:\/\/laesalud.com\/startupehealth\/wp-json\/wp\/v2\/pages"}],"about":[{"href":"http:\/\/laesalud.com\/startupehealth\/wp-json\/wp\/v2\/types\/page"}],"author":[{"embeddable":true,"href":"http:\/\/laesalud.com\/startupehealth\/wp-json\/wp\/v2\/users\/1"}],"replies":[{"embeddable":true,"href":"http:\/\/laesalud.com\/startupehealth\/wp-json\/wp\/v2\/comments?post=5796"}],"version-history":[{"count":30,"href":"http:\/\/laesalud.com\/startupehealth\/wp-json\/wp\/v2\/pages\/5796\/revisions"}],"predecessor-version":[{"id":6200,"href":"http:\/\/laesalud.com\/startupehealth\/wp-json\/wp\/v2\/pages\/5796\/revisions\/6200"}],"wp:attachment":[{"href":"http:\/\/laesalud.com\/startupehealth\/wp-json\/wp\/v2\/media?parent=5796"}],"curies":[{"name":"wp","href":"https:\/\/api.w.org\/{rel}","templated":true}]}}