{"id":5993,"date":"2016-07-29T10:17:46","date_gmt":"2016-07-29T08:17:46","guid":{"rendered":"http:\/\/laesalud.com\/startupehealth\/?page_id=5993"},"modified":"2019-06-17T10:12:31","modified_gmt":"2019-06-17T08:12:31","slug":"inversion-ehealth","status":"publish","type":"page","link":"http:\/\/laesalud.com\/startupehealth\/inversion-ehealth\/","title":{"rendered":"Inversi\u00f3n en eSalud"},"content":{"rendered":"<p>[vc_row top=\u00bb180px\u00bb bottom=\u00bb120px\u00bb content_fadeout=\u00bbcontent-fadeout\u00bb overlay_pattern=\u00bbsm_cell_b\u00bb overlay_pattern_op=\u00bb0.1&#8243; bg_color=\u00bb#3e4058&#8243;][vc_column][vc_column_text]<\/p>\n<h1 style=\"text-align: center;\"><span style=\"color: #ffffff;\">INVERSI\u00d3N EN ESALUD<\/span><\/h1>\n<h5 style=\"text-align: center;\"><span style=\"color: #ffffff;\">EHEALTH STARTUP PROGRAM<\/span><\/h5>\n<p>[\/vc_column_text][\/vc_column][\/vc_row][vc_row top=\u00bb80px\u00bb bottom=\u00bb80px\u00bb bg_color=\u00bb#fafaf9&#8243;][vc_column][vc_column_text]<\/p>\n<h2 style=\"font-size: 25px; text-align: center;\">PROGRAMA DE ACELERACI\u00d3N A STARTUPS DE ESALUD<\/h2>\n<h6 style=\"text-align: center;\"><span style=\"color: #a9b4b9;\"><strong>AIES ESALUD<\/strong><\/span><\/h6>\n<p>[\/vc_column_text][vc_empty_space height=\u00bb20px\u00bb][\/vc_column][\/vc_row][vc_row top=\u00bb0px\u00bb bottom=\u00bb30px\u00bb row_seperator=\u00bbno-seperator\u00bb][vc_column width=\u00bb2\/3&#8243;][vc_column_text]<\/p>\n<h3 style=\"font-size: 25px;\">INVERSI\u00d3N EN EHEALTH<\/h3>\n<p>[\/vc_column_text][vc_column_text]Las Tecnolog\u00edas de la Informaci\u00f3n y la Comunicaci\u00f3n (TICs) aplicadas a la salud, la <strong><a title=\"\u00bfQu\u00e9 es la eSalud?\" href=\"http:\/\/laesalud.com\/que-es-esalud\/\">eSalud<\/a><\/strong> o <i>eHealth<\/i>, est\u00e1n transformando la asistencia sanitaria a pasos agigantados y se est\u00e1n convirtiendo en uno de los grandes motores de la econom\u00eda mundial. De hecho, la consultora Mordor Intelligence predice que el mercado de<strong> la eSalud facturar\u00e1 212 millones de d\u00f3lares en 2020<\/strong>, frente a los 94 que factur\u00f3 en 2014.<\/p>\n<p align=\"JUSTIFY\">La eHealth engloba sectores como la telemedicina, las aplicaciones, los wearables o dispositivos tecnol\u00f3gicos vestibles, el an\u00e1lisis de grandes cantidades de datos, el Big Data y el acceso a informaci\u00f3n y servicios de salud a trav\u00e9s de Internet (salud 2.0).<\/p>\n<p align=\"JUSTIFY\">La consultora StartUpHealth estima en m\u00e1s de <strong>76.000<\/strong> la cifra de <strong>startups relacionadas con la eSalud<\/strong>. El <strong>sector<\/strong> que m\u00e1s inversi\u00f3n atrajo en 2015 fue el del <strong>bienestar<\/strong>, seguido del vinculado a la mejora de la <strong>experiencia del paciente<\/strong> y del consumidor, y con el relacionado con el <strong>Big Data<\/strong> como tercer \u00e1rea de inversi\u00f3n.<\/p>\n<p>[\/vc_column_text][\/vc_column][vc_column width=\u00bb1\/3&#8243;][vc_empty_space height=\u00bb10px\u00bb][vc_column_text]<\/p>\n<p style=\"text-align: center;\"><span style=\"font-size: 24px; font-weight: 200;\">Existen m\u00e1s de 76.000 <em>startups<\/em> de eHealth.\u00a0El mercado de la eSalud\u00a0<strong>facturar\u00e1 212 millones de d\u00f3lares en 2020<\/strong>.<\/span><\/p>\n<p>[\/vc_column_text][\/vc_column][\/vc_row][vc_row full_content_width=\u00bbrow-inner-full\u00bb top=\u00bb0px\u00bb bottom=\u00bb0px\u00bb row_separator=\u00bbrow-line-separator\u00bb bg_color=\u00bb#3e4058&#8243;][vc_column width=\u00bb1\/2&#8243; offset=\u00bbvc_col-lg-8 vc_hidden-sm vc_hidden-xs\u00bb][\/vc_column][vc_column slope_left=\u00bbslope-left\u00bb slope_left_dir=\u00bbslope-left-bottom\u00bb width=\u00bb1\/2&#8243; css_animation=\u00bbright-to-left\u00bb slope_left_color=\u00bb#ffffff\u00bb css=\u00bb.vc_custom_1430670180323{padding-top: 60px !important;padding-right: 80px !important;padding-bottom: 60px !important;padding-left: 60px !important;background-color: #ffffff !important;}\u00bb offset=\u00bbvc_col-lg-offset-0 vc_col-lg-4 vc_col-md-offset-0 vc_col-sm-offset-6&#8243;][vc_heading h_size=\u00bbh-large\u00bb title=\u00bbNegocio\u00bb title_color=\u00bb#4e6278&#8243; subtitle=\u00bbDesarrollo empresarial\u00bb subtitle_color=\u00bb#8091a3&#8243; divider=\u00bbdiv-below\u00bb divider_type=\u00bbdiv-wide\u00bb divider_color=\u00bb#fc625a\u00bb alignment=\u00bbalign-left\u00bb css_animation=\u00bbright-to-left\u00bb][vc_empty_space height=\u00bb10px\u00bb][vc_column_text css_animation=\u00bbright-to-left\u00bb]<strong>B\u00fasqueda activa de nuevas oportunidades y estrategias<\/strong> para las empresas\u00a0y\u00a0emprendedores.[\/vc_column_text][vc_empty_space height=\u00bb30px\u00bb][vc_button title=\u00bbVer m\u00e1s\u00bb size=\u00bbbtn-medium\u00bb type=\u00bbentypo\u00bb icon_entypo=\u00bbentypo-icon entypo-icon-right-open-mini\u00bb icon_pos=\u00bbicon-right\u00bb color=\u00bbbtn_blue\u00bb css_animation=\u00bbbottom-to-top\u00bb css_animation_delay=\u00bbdelay-400&#8243; link=\u00bburl:http%3A%2F%2Flaesalud.com%2Fstartupehealth%2Fdesarrollo-negocio||\u00bb][\/vc_column][\/vc_row][vc_row top=\u00bb0px\u00bb bottom=\u00bb0px\u00bb row_separator=\u00bbrow-line-separator\u00bb textalign=\u00bbcenter\u00bb][vc_column width=\u00bb1\/12&#8243;][\/vc_column][vc_column width=\u00bb10\/12&#8243;][vc_empty_space height=\u00bb100px\u00bb][vc_column_text]<\/p>\n<p style=\"font-size: 33px; text-align: center;\"><span style=\"color: #363b3e;\"><strong>INVERSI\u00d3N EN EHEALTH EN ESPA\u00d1A<\/strong><\/span><\/p>\n<p>[\/vc_column_text][vc_empty_space height=\u00bb10px\u00bb][vc_column_text]<\/p>\n<p style=\"text-align: center;\"><span style=\"font-size: 24px; font-weight: 200;\">El \u00e1rea <strong>cardiovascular<\/strong> es la rama terap\u00e9utica que concentra mayores cotas de <strong>inversi\u00f3n en eSalud<\/strong><\/span><\/p>\n<p>[\/vc_column_text][\/vc_column][vc_column width=\u00bb1\/12&#8243;][\/vc_column][vc_column][vc_empty_space height=\u00bb45px\u00bb][vc_single_image image=\u00bb5997&#8243; img_size=\u00bb1000&#215;500&#8243; alignment=\u00bbcenter\u00bb][\/vc_column][\/vc_row][vc_row top=\u00bb40px\u00bb bottom=\u00bb\u00bb][vc_column][vc_empty_space height=\u00bb20px\u00bb][vc_column_text]<\/p>\n<p style=\"font-size: 25px;\"><span style=\"color: #363b3e;\"><strong>UNA OPORTUNIDAD DE CRECIMIENTO PERSONAL Y PROFESIONAL<\/strong><\/span><\/p>\n<p>[\/vc_column_text][vc_column_text]<\/p>\n<p align=\"JUSTIFY\">En cuanto a dispositivos tecnol\u00f3gicos, la principal \u00e1rea terap\u00e9utica en cuanto a inversi\u00f3n es la <strong>cardiovascular<\/strong>, seg\u00fan un informe de la consultora Silicon Valley Bank, seguida de la ortopedia y la vascular. El estudio tambi\u00e9n revela que tan s\u00f3lo el estado norteamericano de <strong>California concentra m\u00e1s acuerdos de inversi\u00f3n<\/strong> y por mayor cantidad que el resto del mundo junto. Espa\u00f1a ni aparece en el mapa de inversiones.<\/p>\n<p align=\"JUSTIFY\">Por otra parte, se calcula que <strong>en 2017, el 30% de los pacientes en Estados Unidos utilizar\u00e1n aplicaciones m\u00f3viles para acceder a su historial cl\u00ednico<\/strong>, de acuerdo con la consultora Gartner.<\/p>\n<p>[\/vc_column_text][\/vc_column][\/vc_row][vc_row full_content_width=\u00bbrow-inner-full\u00bb bg_type=\u00bbimage\u00bb parallax_bg=\u00bbparallax-bg\u00bb scale_bg=\u00bbscale-bg\u00bb bg_position=\u00bb\u00bb row_mobile_style=\u00bbipad_full_width\u00bb bg_color=\u00bb#3e4058&#8243; bg_image=\u00bb5813&#8243;][vc_column width=\u00bb1\/6&#8243;][\/vc_column][vc_column width=\u00bb2\/3&#8243;][vc_column_text css=\u00bb.vc_custom_1470147093388{padding-top: 15px !important;}\u00bb]<\/p>\n<h4 style=\"font-size: 25px; text-align: center;\"><span style=\"color: #74cef2;\"><strong>EHEALTH STARTUP PROGRAM<\/strong><\/span><\/h4>\n<p style=\"text-align: center;\"><span style=\"color: #ffffff;\">Un proyecto de la Asociaci\u00f3n de Investigadores en eSalud (AIES)<\/span><\/p>\n<p>[\/vc_column_text][vc_promo_box style=\u00bbtwc_pb_centered\u00bb b_text=\u00bbPROGRAMA\u00bb b_radius=\u00bb\u00bb second_button=\u00bbtrue\u00bb b2_text=\u00bbCONTACTO\u00bb b2_radius=\u00bb\u00bb css_animation=\u00bbbottom-to-top\u00bb heading_color=\u00bb#74cef2&#8243; text_color=\u00bb#ffffff\u00bb b_text_color=\u00bb#ffffff\u00bb b_bg_color=\u00bbrgba(116,206,242,0.3)\u00bb b_border_color=\u00bb#74cef2&#8243; bh_text_color=\u00bb#ffffff\u00bb bh_bg_color=\u00bb#3e4058&#8243; b2_text_color=\u00bb#ffffff\u00bb b2_bg_color=\u00bbrgba(255,255,255,0.1)\u00bb b2_border_color=\u00bb#ffffff\u00bb b2h_text_color=\u00bb#3e4058&#8243; b2h_bg_color=\u00bb#ffffff\u00bb link=\u00bburl:http%3A%2F%2Flaesalud.com%2Fstartupehealth%2Fprograma||\u00bb link2=\u00bburl:http%3A%2F%2Flaesalud.com%2Fstartupehealth%2Fcontacto||\u00bb][\/vc_column][vc_column width=\u00bb1\/6&#8243;][\/vc_column][\/vc_row]<\/p>\n","protected":false},"excerpt":{"rendered":"<p>[vc_row top=\u00bb180px\u00bb bottom=\u00bb120px\u00bb content_fadeout=\u00bbcontent-fadeout\u00bb overlay_pattern=\u00bbsm_cell_b\u00bb overlay_pattern_op=\u00bb0.1&#8243; bg_color=\u00bb#3e4058&#8243;][vc_column][vc_column_text] INVERSI\u00d3N EN ESALUD EHEALTH STARTUP PROGRAM [\/vc_column_text][\/vc_column][\/vc_row][vc_row top=\u00bb80px\u00bb bottom=\u00bb80px\u00bb bg_color=\u00bb#fafaf9&#8243;][vc_column][vc_column_text] PROGRAMA DE ACELERACI\u00d3N A STARTUPS DE ESALUD AIES ESALUD [\/vc_column_text][vc_empty_space height=\u00bb20px\u00bb][\/vc_column][\/vc_row][vc_row top=\u00bb0px\u00bb bottom=\u00bb30px\u00bb row_seperator=\u00bbno-seperator\u00bb][vc_column width=\u00bb2\/3&#8243;][vc_column_text] INVERSI\u00d3N EN EHEALTH [\/vc_column_text][vc_column_text]Las Tecnolog\u00edas de la Informaci\u00f3n y la Comunicaci\u00f3n (TICs) aplicadas a la salud, la eSalud o eHealth, est\u00e1n transformando la asistencia sanitaria a pasos agigantados y se est\u00e1n convirtiendo en uno de los grandes motores de la econom\u00eda mundial. De&#8230;  <\/p>\n<div class=\"read-more\"><a class=\"excerpt-read-more\" href=\"http:\/\/laesalud.com\/startupehealth\/inversion-ehealth\/\" title=\"Continue reading Inversi\u00f3n en eSalud\">Read more<i class=\"fa fa-angle-right\"><\/i><\/a><\/div>\n","protected":false},"author":1,"featured_media":0,"parent":0,"menu_order":0,"comment_status":"closed","ping_status":"closed","template":"page-full-width.php","meta":{"spay_email":""},"jetpack_sharing_enabled":true,"jetpack_shortlink":"https:\/\/wp.me\/P7Ijls-1yF","_links":{"self":[{"href":"http:\/\/laesalud.com\/startupehealth\/wp-json\/wp\/v2\/pages\/5993"}],"collection":[{"href":"http:\/\/laesalud.com\/startupehealth\/wp-json\/wp\/v2\/pages"}],"about":[{"href":"http:\/\/laesalud.com\/startupehealth\/wp-json\/wp\/v2\/types\/page"}],"author":[{"embeddable":true,"href":"http:\/\/laesalud.com\/startupehealth\/wp-json\/wp\/v2\/users\/1"}],"replies":[{"embeddable":true,"href":"http:\/\/laesalud.com\/startupehealth\/wp-json\/wp\/v2\/comments?post=5993"}],"version-history":[{"count":14,"href":"http:\/\/laesalud.com\/startupehealth\/wp-json\/wp\/v2\/pages\/5993\/revisions"}],"predecessor-version":[{"id":6202,"href":"http:\/\/laesalud.com\/startupehealth\/wp-json\/wp\/v2\/pages\/5993\/revisions\/6202"}],"wp:attachment":[{"href":"http:\/\/laesalud.com\/startupehealth\/wp-json\/wp\/v2\/media?parent=5993"}],"curies":[{"name":"wp","href":"https:\/\/api.w.org\/{rel}","templated":true}]}}