{"id":6058,"date":"2016-08-01T13:04:09","date_gmt":"2016-08-01T11:04:09","guid":{"rendered":"http:\/\/laesalud.com\/startupehealth\/?page_id=6058"},"modified":"2019-06-17T10:11:26","modified_gmt":"2019-06-17T08:11:26","slug":"inscripcion","status":"publish","type":"page","link":"http:\/\/laesalud.com\/startupehealth\/inscripcion\/","title":{"rendered":"Inscripci\u00f3n"},"content":{"rendered":"<p>[vc_row top=\u00bb180px\u00bb bottom=\u00bb120px\u00bb content_fadeout=\u00bbcontent-fadeout\u00bb overlay_pattern=\u00bbsm_cell_b\u00bb overlay_pattern_op=\u00bb0.1&#8243; bg_color=\u00bb#3e4058&#8243;][vc_column][vc_column_text]<\/p>\n<h1 style=\"text-align: center;\"><span style=\"color: #ffffff;\">INSCRIPCI\u00d3N<\/span><\/h1>\n<h5 style=\"text-align: center;\"><span style=\"color: #ffffff;\">EHEALTH STARTUP PROGRAM<\/span><\/h5>\n<p>[\/vc_column_text][\/vc_column][\/vc_row][vc_row top=\u00bb80px\u00bb bottom=\u00bb80px\u00bb bg_color=\u00bb#fafaf9&#8243;][vc_column][vc_column_text]<\/p>\n<h2 style=\"font-size: 25px; text-align: center;\">PROGRAMA DE ACELERACI\u00d3N A STARTUPS DE ESALUD<\/h2>\n<h6 style=\"text-align: center;\"><span style=\"color: #a9b4b9;\"><strong>AIES ESALUD<\/strong><\/span><\/h6>\n<p>[\/vc_column_text][vc_empty_space height=\u00bb20px\u00bb][\/vc_column][\/vc_row][vc_row top=\u00bb0px\u00bb bottom=\u00bb30px\u00bb row_seperator=\u00bbno-seperator\u00bb][vc_column width=\u00bb2\/3&#8243;][vc_column_text]<\/p>\n<h3 style=\"font-size: 25px;\">VENTAJAS DEL\u00a0EHEALTH STARTUP PROGRAM<\/h3>\n<p>[\/vc_column_text][vc_column_text]El <strong>eHealth Startup Program<\/strong>\u00a0proporciona\u00a0las habilidades, conocimientos y valores necesarios para la <strong>puesta en marcha de\u00a0ideas<\/strong>, el impulso y <strong>desarrollo de empresas<\/strong> o la <strong>b\u00fasqueda de financiaci\u00f3n y asociaciones<\/strong> relevantes.<\/p>\n<p>A las semanas de formaci\u00f3n en Madrid, a\u00f1adimos <strong>dos semanas de estancia en Londres<\/strong> para impulsar, a\u00fan m\u00e1s, el periodo de aprendizaje.<\/p>\n<p>Adem\u00e1s, cada participante en el eHealth Startup Program podr\u00e1:<\/p>\n<ul>\n<li>Acceder a <strong>Microsoft Bizspark<\/strong>, que ofrece -a cada emprendedor- tres a\u00f1os de acceso libre a software, servicios, soporte t\u00e9cnico y a la nube en Azure<\/li>\n<li>Acceder al <strong>IBM startup program<\/strong> que ofrece un a\u00f1o de acceso libre, servicios y soporte t\u00e9cnico para Bluemix.<\/li>\n<li>Contacto permanente con nuestros <strong>mentores e inversores<\/strong>.<\/li>\n<li>Descuentos en diferentes <strong>servicios de colaboradores<\/strong>.<\/li>\n<li>Repercusi\u00f3n en <strong>medios de comunicaci\u00f3n<\/strong>.<\/li>\n<\/ul>\n<p>[\/vc_column_text][vc_empty_space height=\u00bb25px\u00bb][\/vc_column][vc_column width=\u00bb1\/3&#8243;][vc_column_text]<\/p>\n<h3 style=\"font-size: 25px;\">PLAZOS<\/h3>\n<p>[\/vc_column_text][vc_column_text]<\/p>\n<p style=\"font-size: 25px;\">CONVOCATORIA<\/p>\n<p>[\/vc_column_text][vc_column_text]Del 1 al 21 de septiembre de 2016.[\/vc_column_text][vc_column_text]<\/p>\n<p style=\"font-size: 25px;\">SELECTION FRIDAY<\/p>\n<p>[\/vc_column_text][vc_column_text]23\u00a0de septiembre de 2016.[\/vc_column_text][vc_empty_space height=\u00bb25px\u00bb][vc_button title=\u00bbMATR\u00cdCULA\u00bb size=\u00bbbtn-medium\u00bb type=\u00bbentypo\u00bb icon_entypo=\u00bbentypo-icon entypo-icon-right-open-mini\u00bb icon_pos=\u00bbicon-right\u00bb color=\u00bbbtn_blue\u00bb css_animation=\u00bbbottom-to-top\u00bb css_animation_delay=\u00bbdelay-400&#8243; link=\u00bburl:https%3A%2F%2Fwww.f6s.com%2Fehealthstartupprogram||target:%20_blank\u00bb][\/vc_column][\/vc_row][vc_row full_content_width=\u00bbrow-inner-full\u00bb top=\u00bb0px\u00bb bottom=\u00bb0px\u00bb row_separator=\u00bbrow-line-separator\u00bb bg_color=\u00bb#3e4058&#8243;][vc_column width=\u00bb1\/2&#8243; offset=\u00bbvc_col-lg-8 vc_hidden-sm vc_hidden-xs\u00bb][\/vc_column][vc_column slope_left=\u00bbslope-left\u00bb slope_left_dir=\u00bbslope-left-bottom\u00bb width=\u00bb1\/2&#8243; css_animation=\u00bbright-to-left\u00bb slope_left_color=\u00bb#ffffff\u00bb css=\u00bb.vc_custom_1430670180323{padding-top: 60px !important;padding-right: 80px !important;padding-bottom: 60px !important;padding-left: 60px !important;background-color: #ffffff !important;}\u00bb offset=\u00bbvc_col-lg-offset-0 vc_col-lg-4 vc_col-md-offset-0 vc_col-sm-offset-6&#8243;][vc_heading h_size=\u00bbh-large\u00bb title=\u00bbPrograma\u00bb title_color=\u00bb#4e6278&#8243; subtitle=\u00bbMentorizaci\u00f3n en eSalud\u00bb subtitle_color=\u00bb#8091a3&#8243; divider=\u00bbdiv-below\u00bb divider_type=\u00bbdiv-wide\u00bb divider_color=\u00bb#fc625a\u00bb alignment=\u00bbalign-left\u00bb css_animation=\u00bbright-to-left\u00bb][vc_empty_space height=\u00bb10px\u00bb][vc_column_text css_animation=\u00bbright-to-left\u00bb]<strong>Aceleraci\u00f3n vertical para proyectos\u00a0<\/strong>que buscan impactar en el mundo de la<strong> salud digital<\/strong>.[\/vc_column_text][vc_empty_space height=\u00bb30px\u00bb][vc_button title=\u00bbVer m\u00e1s\u00bb size=\u00bbbtn-medium\u00bb type=\u00bbentypo\u00bb icon_entypo=\u00bbentypo-icon entypo-icon-right-open-mini\u00bb icon_pos=\u00bbicon-right\u00bb color=\u00bbbtn_blue\u00bb css_animation=\u00bbbottom-to-top\u00bb css_animation_delay=\u00bbdelay-400&#8243; link=\u00bburl:http%3A%2F%2Flaesalud.com%2Fstartupehealth%2Fequipo-mentores||\u00bb][\/vc_column][\/vc_row][vc_row top=\u00bb0px\u00bb bottom=\u00bb0px\u00bb row_separator=\u00bbrow-line-separator\u00bb textalign=\u00bbcenter\u00bb][vc_column width=\u00bb1\/12&#8243;][\/vc_column][vc_column width=\u00bb10\/12&#8243;][vc_empty_space height=\u00bb50px\u00bb][vc_column_text]<\/p>\n<p style=\"font-size: 33px; text-align: center;\"><span style=\"color: #363b3e;\"><strong>MODALIDADES DE MATR\u00cdCULA<\/strong><\/span><\/p>\n<p>[\/vc_column_text][\/vc_column][vc_column width=\u00bb1\/12&#8243;][\/vc_column][vc_column][vc_empty_space height=\u00bb45px\u00bb][vc_single_image image=\u00bb6086&#8243; img_size=\u00bb1000&#215;500&#8243; alignment=\u00bbcenter\u00bb onclick=\u00bbcustom_link\u00bb img_link_target=\u00bb_blank\u00bb link=\u00bbhttps:\/\/www.f6s.com\/ehealthstartupprogram\u00bb][\/vc_column][\/vc_row][vc_row top=\u00bb30px\u00bb bottom=\u00bb50px\u00bb][vc_column width=\u00bb1\/2&#8243;][vc_empty_space height=\u00bb20px\u00bb][vc_heading title=\u00bbAbono de matr\u00edcula\u00bb alignment=\u00bbalign-left\u00bb][vc_column_text]Si desea formalizar su preinscripci\u00f3n en el <strong>eHealth Startup Program<\/strong>\u00a0puede realizarlo mediante el abono\u00a0del precio del programa: <strong>36.000<\/strong> euros.[\/vc_column_text][vc_empty_space height=\u00bb20px\u00bb][\/vc_column][vc_column width=\u00bb1\/2&#8243;][vc_empty_space height=\u00bb20px\u00bb][vc_heading title=\u00bbParticipaci\u00f3n en el capital social\u00bb alignment=\u00bbalign-left\u00bb][vc_column_text]Tambi\u00e9n puede formalizar su preinscripci\u00f3n en el <strong>eHealth Startup Program<\/strong>\u00a0mediante la cesi\u00f3n del <strong>5-10% de las participaciones sociales<\/strong> -suscribibles- de su compa\u00f1\u00eda.[\/vc_column_text][vc_empty_space height=\u00bb20px\u00bb][\/vc_column][\/vc_row][vc_row full_content_width=\u00bbrow-inner-full\u00bb top=\u00bb0px\u00bb bottom=\u00bb0px\u00bb row_separator=\u00bbrow-line-separator\u00bb bg_color=\u00bb#3e4058&#8243;][vc_column width=\u00bb1\/2&#8243; offset=\u00bbvc_col-lg-8 vc_hidden-sm vc_hidden-xs\u00bb][\/vc_column][vc_column slope_left=\u00bbslope-left\u00bb slope_left_dir=\u00bbslope-left-bottom\u00bb width=\u00bb1\/2&#8243; css_animation=\u00bbright-to-left\u00bb slope_left_color=\u00bb#ffffff\u00bb css=\u00bb.vc_custom_1430670180323{padding-top: 60px !important;padding-right: 80px !important;padding-bottom: 60px !important;padding-left: 60px !important;background-color: #ffffff !important;}\u00bb offset=\u00bbvc_col-lg-offset-0 vc_col-lg-4 vc_col-md-offset-0 vc_col-sm-offset-6&#8243;][vc_heading h_size=\u00bbh-large\u00bb title=\u00bbInscripci\u00f3n\u00bb title_color=\u00bb#4e6278&#8243; subtitle=\u00bbeHealth Startup Program\u00bb subtitle_color=\u00bb#8091a3&#8243; divider=\u00bbdiv-below\u00bb divider_type=\u00bbdiv-wide\u00bb divider_color=\u00bb#fc625a\u00bb alignment=\u00bbalign-left\u00bb css_animation=\u00bbright-to-left\u00bb][vc_empty_space height=\u00bb10px\u00bb][vc_column_text css_animation=\u00bbright-to-left\u00bb]Puesta en marcha de\u00a0<strong>ideas<\/strong>, desarrollo de <strong>empresas<\/strong>\u00a0y\u00a0b\u00fasqueda de <strong>financiaci\u00f3n y asociaciones<\/strong>.[\/vc_column_text][vc_empty_space height=\u00bb30px\u00bb][vc_button title=\u00bbMATR\u00cdCULA\u00bb size=\u00bbbtn-medium\u00bb type=\u00bbentypo\u00bb icon_entypo=\u00bbentypo-icon entypo-icon-right-open-mini\u00bb icon_pos=\u00bbicon-right\u00bb color=\u00bbbtn_blue\u00bb css_animation=\u00bbbottom-to-top\u00bb css_animation_delay=\u00bbdelay-400&#8243; link=\u00bburl:https%3A%2F%2Fwww.f6s.com%2Fehealthstartupprogram||target:%20_blank\u00bb][vc_column_text]<em>* M\u00e1ximo: 10 proyectos.<\/em>[\/vc_column_text][\/vc_column][\/vc_row][vc_row top=\u00bb20px\u00bb bottom=\u00bb\u00bb][vc_column][vc_column_text]<\/p>\n<p style=\"font-size: 25px;\"><span style=\"color: #363b3e;\"><strong>UNA OPORTUNIDAD DE CRECIMIENTO PERSONAL Y PROFESIONAL<\/strong><\/span><\/p>\n<p>[\/vc_column_text][vc_column_text]Encontrar un mentor adecuado a veces es una tarea complicada, pero vale la pena tener un modelo que nos sirva de gu\u00eda. \u00bfTendr\u00edamos que contar siempre con un \u00fanico mentor? Se puede empezar buscando qui\u00e9nes pueden ser los mejores, los m\u00e1s interesantes en la industria de nuestra startup y estudiar una manera de acercarse a ellos con respeto y determinaci\u00f3n.<\/p>\n<p>Hay muchas organizaciones, empresas y programas que ofrecen oportunidades de <em>networking<\/em> para ampliar su red de contactos.\u00a0Mentores tambi\u00e9n existen en miembros de nuestras familias, profesores, compa\u00f1eros o amigos. Entre un grupo de emprendedores con ganas de tener \u00e9xito, un mentor querr\u00e1 colaborar y tener una <strong>relaci\u00f3n profesional<\/strong> m\u00e1s comprometida si el mentorizado demuestra\u00a0una actitud clara de querer aprender y tener disposici\u00f3n.<\/p>\n<p>De todos modos, no hay que olvidar la transparencia a la hora de comunicarnos con nuestro mentor. Siempre valoraremos su <strong>punto de vista<\/strong> y por ello <strong>solicitamos su opini\u00f3n sobre aspectos espec\u00edficos<\/strong> de la empresa, pero<strong> la \u00faltima decisi\u00f3n de todo, es del emprendedor<\/strong>. Despu\u00e9s de todo, no es solo el mentorizado quien se beneficia de la relaci\u00f3n, sino que el mentor tambi\u00e9n tiene una oportunidad de <strong>crecimiento personal.<\/strong>[\/vc_column_text][\/vc_column][\/vc_row][vc_row full_content_width=\u00bbrow-inner-full\u00bb bg_type=\u00bbimage\u00bb parallax_bg=\u00bbparallax-bg\u00bb scale_bg=\u00bbscale-bg\u00bb bg_position=\u00bb\u00bb row_mobile_style=\u00bbipad_full_width\u00bb bg_color=\u00bb#3e4058&#8243; bg_image=\u00bb5813&#8243;][vc_column width=\u00bb1\/6&#8243;][\/vc_column][vc_column width=\u00bb2\/3&#8243;][vc_column_text css=\u00bb.vc_custom_1470147088939{padding-top: 15px !important;}\u00bb]<\/p>\n<h4 style=\"font-size: 25px; text-align: center;\"><span style=\"color: #74cef2;\"><strong>EHEALTH STARTUP PROGRAM<\/strong><\/span><\/h4>\n<p style=\"text-align: center;\"><span style=\"color: #ffffff;\">Un proyecto de la Asociaci\u00f3n de Investigadores en eSalud (AIES)<\/span><\/p>\n<p>[\/vc_column_text][vc_promo_box style=\u00bbtwc_pb_centered\u00bb b_text=\u00bbPROGRAMA\u00bb b_radius=\u00bb\u00bb second_button=\u00bbtrue\u00bb b2_text=\u00bbCONTACTO\u00bb b2_radius=\u00bb\u00bb css_animation=\u00bbbottom-to-top\u00bb heading_color=\u00bb#74cef2&#8243; text_color=\u00bb#ffffff\u00bb b_text_color=\u00bb#ffffff\u00bb b_bg_color=\u00bbrgba(116,206,242,0.3)\u00bb b_border_color=\u00bb#74cef2&#8243; bh_text_color=\u00bb#ffffff\u00bb bh_bg_color=\u00bb#3e4058&#8243; b2_text_color=\u00bb#ffffff\u00bb b2_bg_color=\u00bbrgba(255,255,255,0.1)\u00bb b2_border_color=\u00bb#ffffff\u00bb b2h_text_color=\u00bb#3e4058&#8243; b2h_bg_color=\u00bb#ffffff\u00bb link=\u00bburl:http%3A%2F%2Flaesalud.com%2Fstartupehealth%2Fprograma||\u00bb link2=\u00bburl:http%3A%2F%2Flaesalud.com%2Fstartupehealth%2Fcontacto||\u00bb][\/vc_column][vc_column width=\u00bb1\/6&#8243;][\/vc_column][\/vc_row]<\/p>\n","protected":false},"excerpt":{"rendered":"<p>[vc_row top=\u00bb180px\u00bb bottom=\u00bb120px\u00bb content_fadeout=\u00bbcontent-fadeout\u00bb overlay_pattern=\u00bbsm_cell_b\u00bb overlay_pattern_op=\u00bb0.1&#8243; bg_color=\u00bb#3e4058&#8243;][vc_column][vc_column_text] INSCRIPCI\u00d3N EHEALTH STARTUP PROGRAM [\/vc_column_text][\/vc_column][\/vc_row][vc_row top=\u00bb80px\u00bb bottom=\u00bb80px\u00bb bg_color=\u00bb#fafaf9&#8243;][vc_column][vc_column_text] PROGRAMA DE ACELERACI\u00d3N A STARTUPS DE ESALUD AIES ESALUD [\/vc_column_text][vc_empty_space height=\u00bb20px\u00bb][\/vc_column][\/vc_row][vc_row top=\u00bb0px\u00bb bottom=\u00bb30px\u00bb row_seperator=\u00bbno-seperator\u00bb][vc_column width=\u00bb2\/3&#8243;][vc_column_text] VENTAJAS DEL\u00a0EHEALTH STARTUP PROGRAM [\/vc_column_text][vc_column_text]El eHealth Startup Program\u00a0proporciona\u00a0las habilidades, conocimientos y valores necesarios para la puesta en marcha de\u00a0ideas, el impulso y desarrollo de empresas o la b\u00fasqueda de financiaci\u00f3n y asociaciones relevantes. A las semanas de formaci\u00f3n en Madrid, a\u00f1adimos dos semanas de estancia&#8230;  <\/p>\n<div class=\"read-more\"><a class=\"excerpt-read-more\" href=\"http:\/\/laesalud.com\/startupehealth\/inscripcion\/\" title=\"Continue reading Inscripci\u00f3n\">Read more<i class=\"fa fa-angle-right\"><\/i><\/a><\/div>\n","protected":false},"author":1,"featured_media":0,"parent":0,"menu_order":0,"comment_status":"closed","ping_status":"closed","template":"page-full-width.php","meta":{"spay_email":""},"jetpack_sharing_enabled":true,"jetpack_shortlink":"https:\/\/wp.me\/P7Ijls-1zI","_links":{"self":[{"href":"http:\/\/laesalud.com\/startupehealth\/wp-json\/wp\/v2\/pages\/6058"}],"collection":[{"href":"http:\/\/laesalud.com\/startupehealth\/wp-json\/wp\/v2\/pages"}],"about":[{"href":"http:\/\/laesalud.com\/startupehealth\/wp-json\/wp\/v2\/types\/page"}],"author":[{"embeddable":true,"href":"http:\/\/laesalud.com\/startupehealth\/wp-json\/wp\/v2\/users\/1"}],"replies":[{"embeddable":true,"href":"http:\/\/laesalud.com\/startupehealth\/wp-json\/wp\/v2\/comments?post=6058"}],"version-history":[{"count":10,"href":"http:\/\/laesalud.com\/startupehealth\/wp-json\/wp\/v2\/pages\/6058\/revisions"}],"predecessor-version":[{"id":6201,"href":"http:\/\/laesalud.com\/startupehealth\/wp-json\/wp\/v2\/pages\/6058\/revisions\/6201"}],"wp:attachment":[{"href":"http:\/\/laesalud.com\/startupehealth\/wp-json\/wp\/v2\/media?parent=6058"}],"curies":[{"name":"wp","href":"https:\/\/api.w.org\/{rel}","templated":true}]}}